{"id":13,"date":"2022-05-26T13:35:05","date_gmt":"2022-05-26T11:35:05","guid":{"rendered":"https:\/\/www.em-altertuemche.de\/?page_id=13"},"modified":"2025-06-22T19:59:14","modified_gmt":"2025-06-22T17:59:14","slug":"datenschutz","status":"publish","type":"page","link":"https:\/\/www.em-altertuemche.de\/en\/datenschutz\/","title":{"rendered":"Privacy policy"},"content":{"rendered":"<div class=\"wpb-content-wrapper\"><div class=\"vc_row wpb_row vc_row-fluid\"><div class=\"wpb_column vc_column_container vc_col-sm-12\"><div class=\"vc_column-inner\"><div class=\"wpb_wrapper\">\n\t<div class=\"wpb_text_column wpb_content_element\" >\n\t\t<div class=\"wpb_wrapper\">\n\t\t\t<h3 data-start=\"204\" data-end=\"269\">Privacy policy<br \/>\n<strong>Em Altert\u00fcmche<\/strong><\/h3>\n<h5 data-start=\"323\" data-end=\"511\"><strong data-start=\"323\" data-end=\"393\">Data Controller pursuant to the General Data Protection Regulation (GDPR):<\/strong><\/h5>\n<p>Em Altert\u00fcmche<br \/>\nRitterstra\u00dfe 57<br \/>\nD-50670 Cologne<br \/>\nNorth Rhine-Westphalia, Germany<\/p>\n<p><strong>Phone<\/strong><br \/>\n<a href=\"tel:0221 131434\">0221 131434<\/a><br \/>\n<strong>Email<\/strong><br \/>\n<a href=\"mailto:info@em-altertuemche.de\" target=\"_blank\" rel=\"noopener\">info@em-altertuemche.de<\/a><br \/>\n<strong>Legal Notice (Imprint)<\/strong><br \/>\n<a href=\"https:\/\/www.em-altertuemche.de\/en\/impressum\/\">https:\/\/www.em-altertuemche.de\/impressum\/<\/a><\/p>\n<h4 data-start=\"594\" data-end=\"635\"><strong>1. General Information on Data Protection<\/strong><\/h4>\n<p data-start=\"637\" data-end=\"952\">Protecting your personal data is important to us. We process your data exclusively in accordance with statutory regulations (GDPR, BDSG). This privacy policy explains the type, scope and purpose of the collection and use of personal data on our website.<\/p>\n<h4 data-start=\"959\" data-end=\"987\"><strong>2. Hosting and Security<\/strong><\/h4>\n<p data-start=\"989\" data-end=\"1259\">Our website is hosted by All-inkl.com, a provider based in Germany. Data transmission between your browser and our server is protected by SSL or TLS encryption, safeguarding your data from unauthorized access.<\/p>\n<h4 data-start=\"1266\" data-end=\"1303\"><strong>3. Content Management System (CMS)<\/strong><\/h4>\n<p data-start=\"1305\" data-end=\"1492\">We use <strong data-start=\"1319\" data-end=\"1332\">WordPress<\/strong> as our CMS. By default, WordPress does not store personal data without additional features. All plugins and extensions used have been reviewed for GDPR compliance.<\/p>\n<h4 data-start=\"1499\" data-end=\"1554\"><strong>4. Collection and Processing of Personal Data<\/strong><\/h4>\n<h5 data-start=\"1556\" data-end=\"1582\"><strong>4.1 Visiting the Website<\/strong><\/h5>\n<p data-start=\"1584\" data-end=\"1937\">When you visit our website, server-side data such as your IP address (anonymized if applicable), access time, requested files, referrer, and browser information are automatically collected. These are used solely for technical security, error analysis, and service improvement.\nLegal basis: Art. 6(1)(f) GDPR (legitimate interest).<\/p>\n<h5 data-start=\"1939\" data-end=\"1954\"><strong>4.2 Cookies<\/strong><\/h5>\n<p data-start=\"1956\" data-end=\"2171\">We use cookies for the functionality of our website as well as for analytical and marketing purposes. Cookies are only activated after you give your consent. You may change or withdraw your consent at any time.<\/p>\n<h4 data-start=\"2178\" data-end=\"2214\"><strong>5. Use of Services and Tools<\/strong><\/h4>\n<h5 data-start=\"2216\" data-end=\"2235\"><strong>5.1 Google Maps<\/strong><\/h5>\n<p data-start=\"2237\" data-end=\"2475\">Google Maps is only loaded after your explicit consent. Until then, a placeholder is displayed. Further information can be found in Google\u2019s privacy policy: <a class=\"\" href=\"https:\/\/business.safety.google\/privacy\/\" target=\"_new\" rel=\"noopener\" data-start=\"2436\" data-end=\"2475\">https:\/\/business.safety.google\/privacy\/<\/a><\/p>\n<h5 data-start=\"2477\" data-end=\"2510\"><strong>5.2 Web Analytics and Monitoring<\/strong><\/h5>\n<p data-start=\"2512\" data-end=\"2809\">We only use web analytics tools (e.g., Google Analytics) with your consent. These tools collect anonymized usage data to optimize our services. Monitoring and security measures are implemented to protect our systems and are based on legitimate interest.\nLegal basis: Art. 6(1)(f) GDPR.<\/p>\n<h5 data-start=\"2811\" data-end=\"2853\"><strong>5.3 Social Media and Messaging Services<\/strong><\/h5>\n<p data-start=\"2855\" data-end=\"3102\">We maintain presences on platforms such as YouTube, Instagram, Facebook, WhatsApp Messenger, Facebook Messenger, and Instagram Messenger. These services are only integrated or used after your consent. Their respective privacy policies apply<\/p>\n<h5 data-start=\"3104\" data-end=\"3141\"><strong>5.4 Local Fonts and Icons<\/strong><\/h5>\n<p data-start=\"3143\" data-end=\"3307\">To avoid data transfer to third parties, we use locally hosted fonts and icons (e.g., Roboto, Roboto Condensed, Arizonia, Great Vibes, Open Sans, Nunito Sans, Figtree, Material Icons).<\/p>\n<h5 data-start=\"3309\" data-end=\"3345\"><strong>5.5 Third-Party Software and Frameworks<\/strong><\/h5>\n<p data-start=\"3347\" data-end=\"3504\">We use locally hosted scripts and frameworks such as jQuery, and plugins like Slider Revolution. External resources are only loaded upon consent.<\/p>\n<h4 data-start=\"3511\" data-end=\"3550\"><strong>6. Contact Form and Applicant Data<\/strong><\/h4>\n<p data-start=\"3552\" data-end=\"3732\">When using our contact form, we collect your name, email address, phone number (optional), and message. This data is used solely to process your inquiry.<\/p>\n<p data-start=\"3734\" data-end=\"3959\">If you submit application documents, we process your data exclusively for recruitment purposes. After completion of the recruitment process, the data will be deleted unless statutory retention periods apply.<\/p>\n<p data-start=\"3961\" data-end=\"4101\">Legal basis: Art. 6(1)(a) GDPR (consent) and Art. 6(1)(b) GDPR (performance of contract or pre-contractual measures).<\/p>\n<h4 data-start=\"4108\" data-end=\"4147\"><strong>7. Legal Bases for Data Processing<\/strong><\/h4>\n<p data-start=\"4149\" data-end=\"4216\">We process data based on the following legal grounds:<\/p>\n<ul data-start=\"4218\" data-end=\"4402\">\n<li data-start=\"4218\" data-end=\"4263\">\n<p data-start=\"4220\" data-end=\"4263\">Art. 6(1)(a) GDPR \u2013 Consent<\/p>\n<\/li>\n<li data-start=\"4264\" data-end=\"4314\">\n<p data-start=\"4266\" data-end=\"4314\">Art. 6(1)(b) GDPR \u2013 Performance of a contract<\/p>\n<\/li>\n<li data-start=\"4315\" data-end=\"4402\">\n<p data-start=\"4317\" data-end=\"4402\">Art. 6(1)(f) GDPR \u2013 Legitimate interest (e.g., website operation, IT security)<\/p>\n<\/li>\n<\/ul>\n<h4 data-start=\"4409\" data-end=\"4428\"><strong>8. Storage Duration<\/strong><\/h4>\n<p data-start=\"4430\" data-end=\"4550\">Personal data is stored only as long as necessary for the specified purpose or as required by law.<\/p>\n<ul data-start=\"4552\" data-end=\"4688\">\n<li data-start=\"4552\" data-end=\"4657\">\n<p data-start=\"4554\" data-end=\"4657\">Inquiries and application data: Until the process is completed or legal retention periods expire<\/p>\n<\/li>\n<li data-start=\"4658\" data-end=\"4688\">\n<p data-start=\"4660\" data-end=\"4688\">Server logs: Up to 90 days<\/p>\n<\/li>\n<\/ul>\n<h4 data-start=\"4695\" data-end=\"4722\"><strong>9. Data Disclosure to Third Parties<\/strong><\/h4>\n<p data-start=\"4724\" data-end=\"4780\">Your data will only be disclosed to third parties if:<\/p>\n<ul data-start=\"4782\" data-end=\"4912\">\n<li data-start=\"4782\" data-end=\"4829\">\n<p data-start=\"4784\" data-end=\"4829\">es f\u00fcr die Vertragserf\u00fcllung notwendig ist,<\/p>\n<\/li>\n<li data-start=\"4830\" data-end=\"4873\">\n<p data-start=\"4832\" data-end=\"4873\">a legal obligation exists, or<\/p>\n<\/li>\n<li data-start=\"4874\" data-end=\"4912\">\n<p data-start=\"4876\" data-end=\"4912\">you have given explicit consent.<\/p>\n<\/li>\n<\/ul>\n<p data-start=\"4914\" data-end=\"4966\">No data is transferred to third countries.<\/p>\n<h4 data-start=\"4973\" data-end=\"5002\"><strong>10. Your Rights as a Data Subject<\/strong><\/h4>\n<p data-start=\"5004\" data-end=\"5038\">You have the right to:<\/p>\n<ul data-start=\"5040\" data-end=\"5380\">\n<li data-start=\"5040\" data-end=\"5100\">\n<p data-start=\"5042\" data-end=\"5100\">Access your stored personal data<\/p>\n<\/li>\n<li data-start=\"5101\" data-end=\"5135\">\n<p data-start=\"5103\" data-end=\"5135\">Rectify incorrect data<\/p>\n<\/li>\n<li data-start=\"5136\" data-end=\"5223\">\n<p data-start=\"5138\" data-end=\"5223\">Erase your data (unless legally prohibited)<\/p>\n<\/li>\n<li data-start=\"5224\" data-end=\"5258\">\n<p data-start=\"5226\" data-end=\"5258\">Restrict data processing<\/p>\n<\/li>\n<li data-start=\"5259\" data-end=\"5283\">\n<p data-start=\"5261\" data-end=\"5283\">Data portability<\/p>\n<\/li>\n<li data-start=\"5284\" data-end=\"5343\">\n<p data-start=\"5286\" data-end=\"5343\">Withdraw your consent with future effect<\/p>\n<\/li>\n<li data-start=\"5344\" data-end=\"5380\">\n<p data-start=\"5346\" data-end=\"5380\">Object to data processing<\/p>\n<\/li>\n<\/ul>\n<p data-start=\"5382\" data-end=\"5455\">To exercise your rights, contact us at:<\/p>\n<h4 data-start=\"5462\" data-end=\"5484\"><strong>11. Data Security<\/strong><\/h4>\n<p data-start=\"5486\" data-end=\"5679\">We implement technical and organizational security measures (e.g., SSL encryption, firewalls, access controls) to protect your data from unauthorized access, loss, or manipulation.<\/p>\n<h4 data-start=\"5686\" data-end=\"5728\"><strong>12. Amendments to this Privacy Policy<\/strong><\/h4>\n<p data-start=\"5730\" data-end=\"5928\">We reserve the right to update this privacy policy to comply with legal requirements or technical changes. The current version is always available on our website<\/p>\n<h4 data-start=\"5935\" data-end=\"5955\"><strong>13. External Links<\/strong><\/h4>\n<p data-start=\"5957\" data-end=\"6086\">Our website may contain links to external websites. We are not responsible for the content or privacy practices of these external sites.<\/p>\n\n\t\t<\/div>\n\t<\/div>\n<\/div><\/div><\/div><\/div>\n<\/div>","protected":false},"excerpt":{"rendered":"<p>Datenschutzerkl\u00e4rung Em Altert\u00fcmche Verantwortlicher im Sinne der Datenschutz-Grundverordnung (DSGVO): Em Altert\u00fcmche Ritterstra\u00dfe 57 D-50670 K\u00f6ln NRW, Deutschland Telefon 0221 131434 E-Mail info@em-altertuemche.de Impressum https:\/\/www.em-altertuemche.de\/impressum\/ 1. Allgemeine Hinweise zum Datenschutz Der Schutz Ihrer personenbezogenen Daten ist uns ein wichtiges Anliegen. Wir verarbeiten Ihre Daten ausschlie\u00dflich auf Grundlage der gesetzlichen Bestimmungen (DSGVO, BDSG). Diese Datenschutzerkl\u00e4rung informiert Sie&hellip;<\/p>","protected":false},"author":1,"featured_media":0,"parent":0,"menu_order":0,"comment_status":"closed","ping_status":"closed","template":"","meta":{"footnotes":""},"class_list":["post-13","page","type-page","status-publish","hentry","description-off"],"yoast_head":"<!-- This site is optimized with the Yoast SEO plugin v27.0 - https:\/\/yoast.com\/product\/yoast-seo-wordpress\/ -->\n<title>Datenschutz | Em Altert\u00fcmche<\/title>\n<meta name=\"robots\" content=\"index, follow, max-snippet:-1, max-image-preview:large, max-video-preview:-1\" \/>\n<link rel=\"canonical\" href=\"https:\/\/www.em-altertuemche.de\/en\/datenschutz\/\" \/>\n<meta property=\"og:locale\" content=\"en_US\" \/>\n<meta property=\"og:type\" content=\"article\" \/>\n<meta property=\"og:title\" content=\"Datenschutz | Em Altert\u00fcmche\" \/>\n<meta property=\"og:url\" content=\"https:\/\/www.em-altertuemche.de\/en\/datenschutz\/\" \/>\n<meta property=\"og:site_name\" content=\"Em Altert\u00fcmche\" \/>\n<meta property=\"article:modified_time\" content=\"2025-06-22T17:59:14+00:00\" \/>\n<meta property=\"og:image\" content=\"https:\/\/www.em-altertuemche.de\/wp-content\/uploads\/2022\/05\/Em-Altertuermche.jpg\" \/>\n\t<meta property=\"og:image:width\" content=\"1920\" \/>\n\t<meta property=\"og:image:height\" content=\"800\" \/>\n\t<meta property=\"og:image:type\" content=\"image\/jpeg\" \/>\n<meta name=\"twitter:card\" content=\"summary_large_image\" \/>\n<meta name=\"twitter:label1\" content=\"Est. reading time\" \/>\n\t<meta name=\"twitter:data1\" content=\"12 minutes\" \/>\n<script type=\"application\/ld+json\" class=\"yoast-schema-graph\">{\"@context\":\"https:\/\/schema.org\",\"@graph\":[{\"@type\":\"WebPage\",\"@id\":\"https:\/\/www.em-altertuemche.de\/datenschutz\/\",\"url\":\"https:\/\/www.em-altertuemche.de\/datenschutz\/\",\"name\":\"Datenschutz | Em Altert\u00fcmche\",\"isPartOf\":{\"@id\":\"https:\/\/www.em-altertuemche.de\/#website\"},\"datePublished\":\"2022-05-26T11:35:05+00:00\",\"dateModified\":\"2025-06-22T17:59:14+00:00\",\"breadcrumb\":{\"@id\":\"https:\/\/www.em-altertuemche.de\/datenschutz\/#breadcrumb\"},\"inLanguage\":\"en-US\",\"potentialAction\":[{\"@type\":\"ReadAction\",\"target\":[\"https:\/\/www.em-altertuemche.de\/datenschutz\/\"]}]},{\"@type\":\"BreadcrumbList\",\"@id\":\"https:\/\/www.em-altertuemche.de\/datenschutz\/#breadcrumb\",\"itemListElement\":[{\"@type\":\"ListItem\",\"position\":1,\"name\":\"Startseite\",\"item\":\"https:\/\/www.em-altertuemche.de\/\"},{\"@type\":\"ListItem\",\"position\":2,\"name\":\"Datenschutz\"}]},{\"@type\":\"WebSite\",\"@id\":\"https:\/\/www.em-altertuemche.de\/#website\",\"url\":\"https:\/\/www.em-altertuemche.de\/\",\"name\":\"Em Altert\u00fcmche\",\"description\":\"\",\"publisher\":{\"@id\":\"https:\/\/www.em-altertuemche.de\/#organization\"},\"potentialAction\":[{\"@type\":\"SearchAction\",\"target\":{\"@type\":\"EntryPoint\",\"urlTemplate\":\"https:\/\/www.em-altertuemche.de\/?s={search_term_string}\"},\"query-input\":{\"@type\":\"PropertyValueSpecification\",\"valueRequired\":true,\"valueName\":\"search_term_string\"}}],\"inLanguage\":\"en-US\"},{\"@type\":\"Organization\",\"@id\":\"https:\/\/www.em-altertuemche.de\/#organization\",\"name\":\"Em Altert\u00fcmche\",\"url\":\"https:\/\/www.em-altertuemche.de\/\",\"logo\":{\"@type\":\"ImageObject\",\"inLanguage\":\"en-US\",\"@id\":\"https:\/\/www.em-altertuemche.de\/#\/schema\/logo\/image\/\",\"url\":\"https:\/\/www.em-altertuemche.de\/wp-content\/uploads\/2022\/06\/Deutsches-Restaurant-Koeln-Em-Altertuemche.jpg\",\"contentUrl\":\"https:\/\/www.em-altertuemche.de\/wp-content\/uploads\/2022\/06\/Deutsches-Restaurant-Koeln-Em-Altertuemche.jpg\",\"width\":200,\"height\":200,\"caption\":\"Em Altert\u00fcmche\"},\"image\":{\"@id\":\"https:\/\/www.em-altertuemche.de\/#\/schema\/logo\/image\/\"}}]}<\/script>\n<!-- \/ Yoast SEO plugin. -->","yoast_head_json":{"title":"Datenschutz | Em Altert\u00fcmche","robots":{"index":"index","follow":"follow","max-snippet":"max-snippet:-1","max-image-preview":"max-image-preview:large","max-video-preview":"max-video-preview:-1"},"canonical":"https:\/\/www.em-altertuemche.de\/en\/datenschutz\/","og_locale":"en_US","og_type":"article","og_title":"Datenschutz | Em Altert\u00fcmche","og_url":"https:\/\/www.em-altertuemche.de\/en\/datenschutz\/","og_site_name":"Em Altert\u00fcmche","article_modified_time":"2025-06-22T17:59:14+00:00","og_image":[{"width":1920,"height":800,"url":"https:\/\/www.em-altertuemche.de\/wp-content\/uploads\/2022\/05\/Em-Altertuermche.jpg","type":"image\/jpeg"}],"twitter_card":"summary_large_image","twitter_misc":{"Est. reading time":"12 minutes"},"schema":{"@context":"https:\/\/schema.org","@graph":[{"@type":"WebPage","@id":"https:\/\/www.em-altertuemche.de\/datenschutz\/","url":"https:\/\/www.em-altertuemche.de\/datenschutz\/","name":"Datenschutz | Em Altert\u00fcmche","isPartOf":{"@id":"https:\/\/www.em-altertuemche.de\/#website"},"datePublished":"2022-05-26T11:35:05+00:00","dateModified":"2025-06-22T17:59:14+00:00","breadcrumb":{"@id":"https:\/\/www.em-altertuemche.de\/datenschutz\/#breadcrumb"},"inLanguage":"en-US","potentialAction":[{"@type":"ReadAction","target":["https:\/\/www.em-altertuemche.de\/datenschutz\/"]}]},{"@type":"BreadcrumbList","@id":"https:\/\/www.em-altertuemche.de\/datenschutz\/#breadcrumb","itemListElement":[{"@type":"ListItem","position":1,"name":"Startseite","item":"https:\/\/www.em-altertuemche.de\/"},{"@type":"ListItem","position":2,"name":"Datenschutz"}]},{"@type":"WebSite","@id":"https:\/\/www.em-altertuemche.de\/#website","url":"https:\/\/www.em-altertuemche.de\/","name":"Em Altert\u00fcmche","description":"","publisher":{"@id":"https:\/\/www.em-altertuemche.de\/#organization"},"potentialAction":[{"@type":"SearchAction","target":{"@type":"EntryPoint","urlTemplate":"https:\/\/www.em-altertuemche.de\/?s={search_term_string}"},"query-input":{"@type":"PropertyValueSpecification","valueRequired":true,"valueName":"search_term_string"}}],"inLanguage":"en-US"},{"@type":"Organization","@id":"https:\/\/www.em-altertuemche.de\/#organization","name":"Em Altert\u00fcmche","url":"https:\/\/www.em-altertuemche.de\/","logo":{"@type":"ImageObject","inLanguage":"en-US","@id":"https:\/\/www.em-altertuemche.de\/#\/schema\/logo\/image\/","url":"https:\/\/www.em-altertuemche.de\/wp-content\/uploads\/2022\/06\/Deutsches-Restaurant-Koeln-Em-Altertuemche.jpg","contentUrl":"https:\/\/www.em-altertuemche.de\/wp-content\/uploads\/2022\/06\/Deutsches-Restaurant-Koeln-Em-Altertuemche.jpg","width":200,"height":200,"caption":"Em Altert\u00fcmche"},"image":{"@id":"https:\/\/www.em-altertuemche.de\/#\/schema\/logo\/image\/"}}]}},"_links":{"self":[{"href":"https:\/\/www.em-altertuemche.de\/en\/wp-json\/wp\/v2\/pages\/13","targetHints":{"allow":["GET"]}}],"collection":[{"href":"https:\/\/www.em-altertuemche.de\/en\/wp-json\/wp\/v2\/pages"}],"about":[{"href":"https:\/\/www.em-altertuemche.de\/en\/wp-json\/wp\/v2\/types\/page"}],"author":[{"embeddable":true,"href":"https:\/\/www.em-altertuemche.de\/en\/wp-json\/wp\/v2\/users\/1"}],"replies":[{"embeddable":true,"href":"https:\/\/www.em-altertuemche.de\/en\/wp-json\/wp\/v2\/comments?post=13"}],"version-history":[{"count":10,"href":"https:\/\/www.em-altertuemche.de\/en\/wp-json\/wp\/v2\/pages\/13\/revisions"}],"predecessor-version":[{"id":1320,"href":"https:\/\/www.em-altertuemche.de\/en\/wp-json\/wp\/v2\/pages\/13\/revisions\/1320"}],"wp:attachment":[{"href":"https:\/\/www.em-altertuemche.de\/en\/wp-json\/wp\/v2\/media?parent=13"}],"curies":[{"name":"wp","href":"https:\/\/api.w.org\/{rel}","templated":true}]}}