{"id":53,"date":"2022-05-26T15:07:47","date_gmt":"2022-05-26T13:07:47","guid":{"rendered":"https:\/\/www.em-altertuemche.de\/?page_id=53"},"modified":"2026-01-28T20:47:13","modified_gmt":"2026-01-28T19:47:13","slug":"buffet","status":"publish","type":"page","link":"https:\/\/www.em-altertuemche.de\/en\/buffet\/","title":{"rendered":"Buffet"},"content":{"rendered":"<div class=\"wpb-content-wrapper\"><div class=\"vc_row wpb_row vc_row-fluid vc_custom_1761507430708\"><div class=\"wpb_column vc_column_container vc_col-sm-12\"><div class=\"vc_column-inner\"><div class=\"wpb_wrapper\"><\/div><\/div><\/div><\/div><!-- Row Backgrounds --><div class=\"upb_bg_img\" data-ultimate-bg=\"url(https:\/\/www.em-altertuemche.de\/wp-content\/uploads\/2025\/10\/Steak-essen-bei-Em-Altertuemche.jpg)\" data-image-id=\"id^1456|url^https:\/\/www.em-altertuemche.de\/wp-content\/uploads\/2025\/10\/Steak-essen-bei-Em-Altertuemche.jpg|caption^null|alt^Steak essen bei Em Altert\u00fcmche|title^null|description^null\" data-ultimate-bg-style=\"vcpb-default\" data-bg-img-repeat=\"no-repeat\" data-bg-img-size=\"cover\" data-bg-img-position=\"\" data-parallx_sense=\"30\" data-bg-override=\"full\" data-bg_img_attach=\"fixed\" data-upb-overlay-color=\"\" data-upb-bg-animation=\"\" data-fadeout=\"\" data-bg-animation=\"left-animation\" data-bg-animation-type=\"h\" data-animation-repeat=\"repeat\" data-fadeout-percentage=\"30\" data-parallax-content=\"\" data-parallax-content-sense=\"30\" data-row-effect-mobile-disable=\"true\" data-img-parallax-mobile-disable=\"true\" data-rtl=\"false\"  data-custom-vc-row=\"\"  data-vc=\"8.7.2\"  data-is_old_vc=\"\"  data-theme-support=\"\"   data-overlay=\"true\" data-overlay-color=\"\" data-overlay-pattern=\"https:\/\/www.em-altertuemche.de\/wp-content\/plugins\/Ultimate_VC_Addons\/assets\/images\/patterns\/09.png\" data-overlay-pattern-opacity=\"0.8\" data-overlay-pattern-size=\"\" data-overlay-pattern-attachment=\"fixed\"    data-seperator=\"true\"  data-seperator-type=\"clouds_seperator\"  data-seperator-shape-size=\"40\"  data-seperator-svg-height=\"60\"  data-seperator-full-width=\"true\" data-seperator-position=\"bottom_seperator\"  data-seperator-background-color=\"#fff\"  data-icon=\"\"  ><\/div><div class=\"vc_row wpb_row vc_row-fluid vc_custom_1761507359564\"><div class=\"wpb_column vc_column_container vc_col-sm-12\"><div class=\"vc_column-inner\"><div class=\"wpb_wrapper\"><div id=\"ultimate-heading-761469fef735ca97b\" class=\"uvc-heading ult-adjust-bottom-margin ultimate-heading-761469fef735ca97b uvc-2428\" data-hspacer=\"no_spacer\"  data-halign=\"center\" style=\"text-align:center\"><div class=\"uvc-heading-spacer no_spacer\" style=\"top\"><\/div><div class=\"uvc-main-heading ult-responsive\"  data-ultimate-target='.uvc-heading.ultimate-heading-761469fef735ca97b h2'  data-responsive-json-new='{\"font-size\":\"desktop:50px;\",\"line-height\":\"\"}' ><h2 style=\"font-family:&#039;Great Vibes&#039;;font-weight:bold;color:#C90000;\">Buffet<\/h2><\/div><div class=\"uvc-sub-heading ult-responsive\"  data-ultimate-target='.uvc-heading.ultimate-heading-761469fef735ca97b .uvc-sub-heading '  data-responsive-json-new='{\"font-size\":\"\",\"line-height\":\"\"}'  style=\"font-weight:normal;\"><\/p>\n<p style=\"text-align: center;\" data-start=\"71\" data-end=\"720\"><strong>Frisch. Vielf\u00e4ltig. Unvergesslich<\/strong><\/p>\n<p style=\"text-align: center;\" data-start=\"71\" data-end=\"720\">Entdecken Sie unser aktuelles Buffetangebot, bei dem keine kulinarischen W\u00fcnsche offenbleiben. Ganz gleich, ob Sie einen geselligen Abend mit Freunden planen, eine Familienfeier genie\u00dfen oder einfach einen entspannten Besuch in unserem Restaurant erleben m\u00f6chten \u2013 unsere gutb\u00fcrgerliche K\u00fcche verw\u00f6hnt Sie mit einer abwechslungsreichen Auswahl frisch zubereiteter Speisen. Von klassischen Lieblingsgerichten \u00fcber kreative Highlights bis hin zu saisonalen Spezialit\u00e4ten ist f\u00fcr jeden Geschmack etwas dabei. Lassen Sie sich von der Vielfalt, Qualit\u00e4t und Frische unserer Gerichte begeistern und genie\u00dfen Sie ein rundum gelungenes Geschmackserlebnis.<\/p>\n<p><\/div><\/div><\/div><\/div><\/div><\/div><div class=\"vc_row wpb_row vc_row-fluid vc_custom_1761404948309\"><div class=\"wpb_column vc_column_container vc_col-sm-4\"><div class=\"vc_column-inner\"><div class=\"wpb_wrapper\"><section class=\"shortcode-teaser img-full frame-on\"><div class=\"layzr-bg shortcode-teaser-img\"><img loading=\"lazy\" decoding=\"async\" class=\"lazy-load\" src=\"data:image\/svg+xml;charset=utf-8,%3Csvg xmlns%3D&#039;http%3A%2F%2Fwww.w3.org%2F2000%2Fsvg&#039; viewBox%3D&#039;0 0 1200 600&#039;%2F%3E\" width=\"1200\" height=\"600\" alt=\"Folienkartoffel mit Knoblauch und Salat Em Altert\u00fcmche\" data-srcset=\"https:\/\/www.em-altertuemche.de\/wp-content\/uploads\/2025\/10\/Folienkartoffel-mit-Knoblauch-und-Salat-Em-Altertuemche.jpg 1200w\" data-src=\"https:\/\/www.em-altertuemche.de\/wp-content\/uploads\/2025\/10\/Folienkartoffel-mit-Knoblauch-und-Salat-Em-Altertuemche.jpg\" \/><\/div><div class=\"shortcode-teaser-content text-big\"><h3>Buffet des Hauses p.P. 32,50 \u20ac<\/h3>\n<ul>\n<li>Salads of the season<\/li>\n<li>Layered salad<\/li>\n<li>Crab salad<\/li>\n<li>Beef salad<\/li>\n<li>Small potato pancakes with salmon<\/li>\n<li>Fish platter<\/li>\n<li>Beef cutlets with croquettes<\/li>\n<li>Roast crust with potato gratin<\/li>\n<li>Dessert by arrangement<\/li>\n<li>Cheese board<\/li>\n<li>Bread basket, butter<\/li>\n<li>herb butter and aioli<\/li>\n<\/ul>\n<\/div><\/section><div class=\"vc_empty_space\"   style=\"height: 30px\"><span class=\"vc_empty_space_inner\"><\/span><\/div><\/div><\/div><\/div><div class=\"wpb_column vc_column_container vc_col-sm-4\"><div class=\"vc_column-inner\"><div class=\"wpb_wrapper\"><section class=\"shortcode-teaser img-full frame-on\"><div class=\"layzr-bg shortcode-teaser-img\"><img loading=\"lazy\" decoding=\"async\" class=\"lazy-load\" src=\"data:image\/svg+xml;charset=utf-8,%3Csvg xmlns%3D&#039;http%3A%2F%2Fwww.w3.org%2F2000%2Fsvg&#039; viewBox%3D&#039;0 0 1200 600&#039;%2F%3E\" width=\"1200\" height=\"600\" alt=\"Salat mit Thunfisch Em-Altert\u00fcmche\" data-srcset=\"https:\/\/www.em-altertuemche.de\/wp-content\/uploads\/2025\/10\/Salat-mit-Thunfisch-Em-Altertuemche.jpg 1200w\" data-src=\"https:\/\/www.em-altertuemche.de\/wp-content\/uploads\/2025\/10\/Salat-mit-Thunfisch-Em-Altertuemche.jpg\" \/><\/div><div class=\"shortcode-teaser-content text-big\"><h3><strong>Schlemmer Buffet p.P. 32,50 \u20ac<\/strong><\/h3>\n<ul>\n<li>Chicken salad<\/li>\n<li>Beef salad<\/li>\n<li>Forest salad<\/li>\n<li>Red herring salad<\/li>\n<li>Fish platter<\/li>\n<li>Vegetarian vegetable lasagna<\/li>\n<li>Chicken breast fillet in almond breading<\/li>\n<li>Pork medallions decorated<\/li>\n<li>Veal schnitzel with spaetzle<\/li>\n<li>Cheese platter<\/li>\n<li>Fruit salad with whipped cream<\/li>\n<li>read basket, butter and herb butter<\/li>\n<\/ul>\n<\/div><\/section><div class=\"vc_empty_space\"   style=\"height: 30px\"><span class=\"vc_empty_space_inner\"><\/span><\/div><\/div><\/div><\/div><div class=\"wpb_column vc_column_container vc_col-sm-4\"><div class=\"vc_column-inner\"><div class=\"wpb_wrapper\"><section class=\"shortcode-teaser img-full frame-on\"><div class=\"layzr-bg shortcode-teaser-img\"><img loading=\"lazy\" decoding=\"async\" class=\"lazy-load\" src=\"data:image\/svg+xml;charset=utf-8,%3Csvg xmlns%3D&#039;http%3A%2F%2Fwww.w3.org%2F2000%2Fsvg&#039; viewBox%3D&#039;0 0 1200 600&#039;%2F%3E\" width=\"1200\" height=\"600\" alt=\"Flammkuchen Em Altert\u00fcmche\" data-srcset=\"https:\/\/www.em-altertuemche.de\/wp-content\/uploads\/2025\/10\/Flammkuchen-Em-Altertuemche.jpg 1200w\" data-src=\"https:\/\/www.em-altertuemche.de\/wp-content\/uploads\/2025\/10\/Flammkuchen-Em-Altertuemche.jpg\" \/><\/div><div class=\"shortcode-teaser-content text-big\"><h3><strong>K\u00f6lsches Buffet p.P. 21,90 \u20ac<\/strong><\/h3>\n<ul>\n<li>Blood sausage, liver sausage, met balls<\/li>\n<li>Potato salad<\/li>\n<li>Pasta salad<\/li>\n<li>Bacon coleslaw<\/li>\n<li>Ham rolls<\/li>\n<li>Party meatballs<\/li>\n<li>Onion skewer roast<\/li>\n<li>Cheese platter<\/li>\n<li>Bread basket, butter and lard<\/li>\n<\/ul>\n<\/div><\/section><div class=\"vc_empty_space\"   style=\"height: 30px\"><span class=\"vc_empty_space_inner\"><\/span><\/div><\/div><\/div><\/div><\/div><div class=\"vc_row wpb_row vc_row-fluid\"><div class=\"wpb_column vc_column_container vc_col-sm-12\"><div class=\"vc_column-inner\"><div class=\"wpb_wrapper\"><div class=\"vc_empty_space\"   style=\"height: 40px\"><span class=\"vc_empty_space_inner\"><\/span><\/div><\/div><\/div><\/div><\/div><div class=\"vc_row wpb_row vc_row-fluid vc_custom_1761487887893\"><div class=\"wpb_column vc_column_container vc_col-sm-12\"><div class=\"vc_column-inner\"><div class=\"wpb_wrapper\">\n\t<div class=\"wpb_text_column wpb_content_element\" >\n\t\t<div class=\"wpb_wrapper\">\n\t\t\t<h2 style=\"text-align: center;\"><strong><span style=\"color: #ffffff;\">Book a table now!<\/span><\/strong><\/h2>\n<h4 style=\"text-align: center;\"><span style=\"color: #ffffff;\">If you would like to visit us and enjoy our bourgeois cuisine kitchen. You can make your reservation both by phone at 0221 - 131434, or use our online reservation formula.<\/span><\/h4>\n\n\t\t<\/div>\n\t<\/div>\n<style type=\"text\/css\">#dt-btn-1:hover {color: #ffffff;}#dt-btn-1:hover > .text-wrap * {color: #ffffff;}<\/style><div class=\"text-centered\"><a href=\"https:\/\/www.em-altertuemche.de\/en\/kontakt\/\" class=\"btn-shortcode dt-btn-m dt-btn light-bg-btn title-btn-color custom-btn-hover-color default-btn-bg-color default-btn-bg-hover-color\" id=\"dt-btn-1\"><span>Book a table<\/span><\/a><\/div><div class=\"vc_empty_space\"   style=\"height: 40px\"><span class=\"vc_empty_space_inner\"><\/span><\/div><\/div><\/div><\/div><\/div><!-- Row Backgrounds --><div class=\"upb_color\" data-bg-override=\"full\" data-bg-color=\"#000000\" data-fadeout=\"\" data-fadeout-percentage=\"30\" data-parallax-content=\"\" data-parallax-content-sense=\"30\" data-row-effect-mobile-disable=\"true\" data-img-parallax-mobile-disable=\"true\" data-rtl=\"false\"  data-custom-vc-row=\"\"  data-vc=\"8.7.2\"  data-is_old_vc=\"\"  data-theme-support=\"\"   data-overlay=\"false\" data-overlay-color=\"\" data-overlay-pattern=\"\" data-overlay-pattern-opacity=\"\" data-overlay-pattern-size=\"\"    data-seperator=\"true\"  data-seperator-type=\"clouds_seperator\"  data-seperator-shape-size=\"40\"  data-seperator-svg-height=\"60\"  data-seperator-full-width=\"true\" data-seperator-position=\"top_seperator\"  data-seperator-background-color=\"#fff\"  data-icon=\"\"  ><\/div>\n<\/div>","protected":false},"excerpt":{"rendered":"<p>Buffet Frisch. Vielf\u00e4ltig. Unvergesslich Entdecken Sie unser aktuelles Buffetangebot, bei dem keine kulinarischen W\u00fcnsche offenbleiben. Ganz gleich, ob Sie einen geselligen Abend mit Freunden planen, eine Familienfeier genie\u00dfen oder einfach einen entspannten Besuch in unserem Restaurant erleben m\u00f6chten \u2013 unsere gutb\u00fcrgerliche K\u00fcche verw\u00f6hnt Sie mit einer abwechslungsreichen Auswahl frisch zubereiteter Speisen. Von klassischen Lieblingsgerichten \u00fcber&hellip;<\/p>","protected":false},"author":1,"featured_media":63,"parent":0,"menu_order":0,"comment_status":"closed","ping_status":"closed","template":"","meta":{"footnotes":""},"class_list":["post-53","page","type-page","status-publish","has-post-thumbnail","hentry","description-off"],"yoast_head":"<!-- This site is optimized with the Yoast SEO plugin v27.5 - https:\/\/yoast.com\/product\/yoast-seo-wordpress\/ -->\n<title>Buffet | Em Altert\u00fcmche<\/title>\n<meta name=\"description\" content=\"Buffet \u2022 Party Buffet K\u00f6ln \u2022 Veranstaltungen Em Altert\u00fcmche \u2022 4 Buffet zur Auswahl f\u00fcr Ihre Party \u2022 Jetzt Termin anfordern \u2022 Restaurant K\u00f6ln\" \/>\n<meta name=\"robots\" content=\"index, follow, max-snippet:-1, max-image-preview:large, max-video-preview:-1\" \/>\n<link rel=\"canonical\" href=\"https:\/\/www.em-altertuemche.de\/en\/buffet\/\" \/>\n<meta property=\"og:locale\" content=\"en_US\" \/>\n<meta property=\"og:type\" content=\"article\" \/>\n<meta property=\"og:title\" content=\"Buffet | Em Altert\u00fcmche\" \/>\n<meta property=\"og:description\" content=\"Buffet \u2022 Party Buffet K\u00f6ln \u2022 Veranstaltungen Em Altert\u00fcmche \u2022 4 Buffet zur Auswahl f\u00fcr Ihre Party \u2022 Jetzt Termin anfordern \u2022 Restaurant K\u00f6ln\" \/>\n<meta property=\"og:url\" content=\"https:\/\/www.em-altertuemche.de\/en\/buffet\/\" \/>\n<meta property=\"og:site_name\" content=\"Em Altert\u00fcmche\" \/>\n<meta property=\"article:modified_time\" content=\"2026-01-28T19:47:13+00:00\" \/>\n<meta property=\"og:image\" content=\"https:\/\/www.em-altertuemche.de\/wp-content\/uploads\/2022\/05\/Em-Altertuermche.jpg\" \/>\n\t<meta property=\"og:image:width\" content=\"1920\" \/>\n\t<meta property=\"og:image:height\" content=\"800\" \/>\n\t<meta property=\"og:image:type\" content=\"image\/jpeg\" \/>\n<meta name=\"twitter:card\" content=\"summary_large_image\" \/>\n<meta name=\"twitter:label1\" content=\"Est. reading time\" \/>\n\t<meta name=\"twitter:data1\" content=\"2 minutes\" \/>\n<script type=\"application\/ld+json\" class=\"yoast-schema-graph\">{\"@context\":\"https:\\\/\\\/schema.org\",\"@graph\":[{\"@type\":\"WebPage\",\"@id\":\"https:\\\/\\\/www.em-altertuemche.de\\\/buffet\\\/\",\"url\":\"https:\\\/\\\/www.em-altertuemche.de\\\/buffet\\\/\",\"name\":\"Buffet | Em Altert\u00fcmche\",\"isPartOf\":{\"@id\":\"https:\\\/\\\/www.em-altertuemche.de\\\/#website\"},\"primaryImageOfPage\":{\"@id\":\"https:\\\/\\\/www.em-altertuemche.de\\\/buffet\\\/#primaryimage\"},\"image\":{\"@id\":\"https:\\\/\\\/www.em-altertuemche.de\\\/buffet\\\/#primaryimage\"},\"thumbnailUrl\":\"https:\\\/\\\/www.em-altertuemche.de\\\/wp-content\\\/uploads\\\/2022\\\/05\\\/Em-Altertuermche.jpg\",\"datePublished\":\"2022-05-26T13:07:47+00:00\",\"dateModified\":\"2026-01-28T19:47:13+00:00\",\"description\":\"Buffet \u2022 Party Buffet K\u00f6ln \u2022 Veranstaltungen Em Altert\u00fcmche \u2022 4 Buffet zur Auswahl f\u00fcr Ihre Party \u2022 Jetzt Termin anfordern \u2022 Restaurant K\u00f6ln\",\"breadcrumb\":{\"@id\":\"https:\\\/\\\/www.em-altertuemche.de\\\/buffet\\\/#breadcrumb\"},\"inLanguage\":\"en-US\",\"potentialAction\":[{\"@type\":\"ReadAction\",\"target\":[\"https:\\\/\\\/www.em-altertuemche.de\\\/buffet\\\/\"]}]},{\"@type\":\"ImageObject\",\"inLanguage\":\"en-US\",\"@id\":\"https:\\\/\\\/www.em-altertuemche.de\\\/buffet\\\/#primaryimage\",\"url\":\"https:\\\/\\\/www.em-altertuemche.de\\\/wp-content\\\/uploads\\\/2022\\\/05\\\/Em-Altertuermche.jpg\",\"contentUrl\":\"https:\\\/\\\/www.em-altertuemche.de\\\/wp-content\\\/uploads\\\/2022\\\/05\\\/Em-Altertuermche.jpg\",\"width\":1920,\"height\":800,\"caption\":\"Deutsches Restaurant K\u00f6ln, Em Altert\u00fcmche\"},{\"@type\":\"BreadcrumbList\",\"@id\":\"https:\\\/\\\/www.em-altertuemche.de\\\/buffet\\\/#breadcrumb\",\"itemListElement\":[{\"@type\":\"ListItem\",\"position\":1,\"name\":\"Startseite\",\"item\":\"https:\\\/\\\/www.em-altertuemche.de\\\/\"},{\"@type\":\"ListItem\",\"position\":2,\"name\":\"Buffet\"}]},{\"@type\":\"WebSite\",\"@id\":\"https:\\\/\\\/www.em-altertuemche.de\\\/#website\",\"url\":\"https:\\\/\\\/www.em-altertuemche.de\\\/\",\"name\":\"Em Altert\u00fcmche\",\"description\":\"\",\"publisher\":{\"@id\":\"https:\\\/\\\/www.em-altertuemche.de\\\/#organization\"},\"potentialAction\":[{\"@type\":\"SearchAction\",\"target\":{\"@type\":\"EntryPoint\",\"urlTemplate\":\"https:\\\/\\\/www.em-altertuemche.de\\\/?s={search_term_string}\"},\"query-input\":{\"@type\":\"PropertyValueSpecification\",\"valueRequired\":true,\"valueName\":\"search_term_string\"}}],\"inLanguage\":\"en-US\"},{\"@type\":\"Organization\",\"@id\":\"https:\\\/\\\/www.em-altertuemche.de\\\/#organization\",\"name\":\"Em Altert\u00fcmche\",\"url\":\"https:\\\/\\\/www.em-altertuemche.de\\\/\",\"logo\":{\"@type\":\"ImageObject\",\"inLanguage\":\"en-US\",\"@id\":\"https:\\\/\\\/www.em-altertuemche.de\\\/#\\\/schema\\\/logo\\\/image\\\/\",\"url\":\"https:\\\/\\\/www.em-altertuemche.de\\\/wp-content\\\/uploads\\\/2022\\\/06\\\/Deutsches-Restaurant-Koeln-Em-Altertuemche.jpg\",\"contentUrl\":\"https:\\\/\\\/www.em-altertuemche.de\\\/wp-content\\\/uploads\\\/2022\\\/06\\\/Deutsches-Restaurant-Koeln-Em-Altertuemche.jpg\",\"width\":200,\"height\":200,\"caption\":\"Em Altert\u00fcmche\"},\"image\":{\"@id\":\"https:\\\/\\\/www.em-altertuemche.de\\\/#\\\/schema\\\/logo\\\/image\\\/\"}}]}<\/script>\n<!-- \/ Yoast SEO plugin. -->","yoast_head_json":{"title":"Buffet | Em Altert\u00fcmche","description":"Buffet \u2022 Party Buffet K\u00f6ln \u2022 Veranstaltungen Em Altert\u00fcmche \u2022 4 Buffet zur Auswahl f\u00fcr Ihre Party \u2022 Jetzt Termin anfordern \u2022 Restaurant K\u00f6ln","robots":{"index":"index","follow":"follow","max-snippet":"max-snippet:-1","max-image-preview":"max-image-preview:large","max-video-preview":"max-video-preview:-1"},"canonical":"https:\/\/www.em-altertuemche.de\/en\/buffet\/","og_locale":"en_US","og_type":"article","og_title":"Buffet | Em Altert\u00fcmche","og_description":"Buffet \u2022 Party Buffet K\u00f6ln \u2022 Veranstaltungen Em Altert\u00fcmche \u2022 4 Buffet zur Auswahl f\u00fcr Ihre Party \u2022 Jetzt Termin anfordern \u2022 Restaurant K\u00f6ln","og_url":"https:\/\/www.em-altertuemche.de\/en\/buffet\/","og_site_name":"Em Altert\u00fcmche","article_modified_time":"2026-01-28T19:47:13+00:00","og_image":[{"width":1920,"height":800,"url":"https:\/\/www.em-altertuemche.de\/wp-content\/uploads\/2022\/05\/Em-Altertuermche.jpg","type":"image\/jpeg"}],"twitter_card":"summary_large_image","twitter_misc":{"Est. reading time":"2 minutes"},"schema":{"@context":"https:\/\/schema.org","@graph":[{"@type":"WebPage","@id":"https:\/\/www.em-altertuemche.de\/buffet\/","url":"https:\/\/www.em-altertuemche.de\/buffet\/","name":"Buffet | Em Altert\u00fcmche","isPartOf":{"@id":"https:\/\/www.em-altertuemche.de\/#website"},"primaryImageOfPage":{"@id":"https:\/\/www.em-altertuemche.de\/buffet\/#primaryimage"},"image":{"@id":"https:\/\/www.em-altertuemche.de\/buffet\/#primaryimage"},"thumbnailUrl":"https:\/\/www.em-altertuemche.de\/wp-content\/uploads\/2022\/05\/Em-Altertuermche.jpg","datePublished":"2022-05-26T13:07:47+00:00","dateModified":"2026-01-28T19:47:13+00:00","description":"Buffet \u2022 Party Buffet K\u00f6ln \u2022 Veranstaltungen Em Altert\u00fcmche \u2022 4 Buffet zur Auswahl f\u00fcr Ihre Party \u2022 Jetzt Termin anfordern \u2022 Restaurant K\u00f6ln","breadcrumb":{"@id":"https:\/\/www.em-altertuemche.de\/buffet\/#breadcrumb"},"inLanguage":"en-US","potentialAction":[{"@type":"ReadAction","target":["https:\/\/www.em-altertuemche.de\/buffet\/"]}]},{"@type":"ImageObject","inLanguage":"en-US","@id":"https:\/\/www.em-altertuemche.de\/buffet\/#primaryimage","url":"https:\/\/www.em-altertuemche.de\/wp-content\/uploads\/2022\/05\/Em-Altertuermche.jpg","contentUrl":"https:\/\/www.em-altertuemche.de\/wp-content\/uploads\/2022\/05\/Em-Altertuermche.jpg","width":1920,"height":800,"caption":"Deutsches Restaurant K\u00f6ln, Em Altert\u00fcmche"},{"@type":"BreadcrumbList","@id":"https:\/\/www.em-altertuemche.de\/buffet\/#breadcrumb","itemListElement":[{"@type":"ListItem","position":1,"name":"Startseite","item":"https:\/\/www.em-altertuemche.de\/"},{"@type":"ListItem","position":2,"name":"Buffet"}]},{"@type":"WebSite","@id":"https:\/\/www.em-altertuemche.de\/#website","url":"https:\/\/www.em-altertuemche.de\/","name":"Em Altert\u00fcmche","description":"","publisher":{"@id":"https:\/\/www.em-altertuemche.de\/#organization"},"potentialAction":[{"@type":"SearchAction","target":{"@type":"EntryPoint","urlTemplate":"https:\/\/www.em-altertuemche.de\/?s={search_term_string}"},"query-input":{"@type":"PropertyValueSpecification","valueRequired":true,"valueName":"search_term_string"}}],"inLanguage":"en-US"},{"@type":"Organization","@id":"https:\/\/www.em-altertuemche.de\/#organization","name":"Em Altert\u00fcmche","url":"https:\/\/www.em-altertuemche.de\/","logo":{"@type":"ImageObject","inLanguage":"en-US","@id":"https:\/\/www.em-altertuemche.de\/#\/schema\/logo\/image\/","url":"https:\/\/www.em-altertuemche.de\/wp-content\/uploads\/2022\/06\/Deutsches-Restaurant-Koeln-Em-Altertuemche.jpg","contentUrl":"https:\/\/www.em-altertuemche.de\/wp-content\/uploads\/2022\/06\/Deutsches-Restaurant-Koeln-Em-Altertuemche.jpg","width":200,"height":200,"caption":"Em Altert\u00fcmche"},"image":{"@id":"https:\/\/www.em-altertuemche.de\/#\/schema\/logo\/image\/"}}]}},"_links":{"self":[{"href":"https:\/\/www.em-altertuemche.de\/en\/wp-json\/wp\/v2\/pages\/53","targetHints":{"allow":["GET"]}}],"collection":[{"href":"https:\/\/www.em-altertuemche.de\/en\/wp-json\/wp\/v2\/pages"}],"about":[{"href":"https:\/\/www.em-altertuemche.de\/en\/wp-json\/wp\/v2\/types\/page"}],"author":[{"embeddable":true,"href":"https:\/\/www.em-altertuemche.de\/en\/wp-json\/wp\/v2\/users\/1"}],"replies":[{"embeddable":true,"href":"https:\/\/www.em-altertuemche.de\/en\/wp-json\/wp\/v2\/comments?post=53"}],"version-history":[{"count":10,"href":"https:\/\/www.em-altertuemche.de\/en\/wp-json\/wp\/v2\/pages\/53\/revisions"}],"predecessor-version":[{"id":1533,"href":"https:\/\/www.em-altertuemche.de\/en\/wp-json\/wp\/v2\/pages\/53\/revisions\/1533"}],"wp:featuredmedia":[{"embeddable":true,"href":"https:\/\/www.em-altertuemche.de\/en\/wp-json\/wp\/v2\/media\/63"}],"wp:attachment":[{"href":"https:\/\/www.em-altertuemche.de\/en\/wp-json\/wp\/v2\/media?parent=53"}],"curies":[{"name":"wp","href":"https:\/\/api.w.org\/{rel}","templated":true}]}}